{"id":2430,"date":"2019-04-02T07:36:16","date_gmt":"2019-04-02T07:36:16","guid":{"rendered":"https:\/\/solutech.true-emotions.studio\/?page_id=2430"},"modified":"2021-10-29T13:06:07","modified_gmt":"2021-10-29T16:06:07","slug":"servicos","status":"publish","type":"page","link":"https:\/\/greatystudio.com.br\/secure\/servicos\/","title":{"rendered":"Nossos Servi\u00e7os"},"content":{"rendered":"<p>[vc_row full_width=&#8221;stretch_row_content_no_spaces&#8221; content_placement=&#8221;top&#8221; pix_padding_top=&#8221;padding No&#8221; pix_padding_bottom=&#8221;padding No&#8221; gradient_colors=&#8221;%5B%7B%7D%5D&#8221; css=&#8221;.vc_custom_1631304137370{margin-top: -6px !important;background: #0a0a0a url(https:\/\/greatystudio.com.br\/secure\/wp-content\/uploads\/2021\/09\/bg_edit-1.jpg?id=3978) !important;background-position: center !important;background-repeat: no-repeat !important;background-size: cover !important;}&#8221;][vc_column][vc_empty_space height=&#8221;300px&#8221;][\/vc_column][\/vc_row][vc_row full_width=&#8221;stretch_row&#8221; pix_padding_top=&#8221;padding M&#8221; pix_padding_bottom=&#8221;padding No&#8221; gradient_colors=&#8221;%5B%7B%7D%5D&#8221; css=&#8221;.vc_custom_1633008262222{padding-right: 40px !important;padding-left: 40px !important;background-color: #000000 !important;}&#8221;][vc_column][common_title title=&#8221;Nossos Servi\u00e7os&#8221; padding=&#8221;off&#8221; color=&#8221;white-heading&#8221;][\/common_title][vc_row_inner pix_padding_bottom=&#8221;padding M&#8221; gradient_colors=&#8221;%5B%7B%7D%5D&#8221; el_class=&#8221;icones&#8221;][vc_column_inner width=&#8221;1\/3&#8243;][common_icon_box style=&#8221;pix-ibox-flip&#8221; flip=&#8221;off&#8221; icon_type=&#8221;font&#8221; type=&#8221;pixcustom1&#8243; icon_pixcustom1=&#8221;flaticon-hacker&#8221; link=&#8221;url:https%3A%2F%2Fgreatystudio.com.br%2Fsecure%2Fservicos%2Fsimulacao-ataque%2F|title:Teste%20de%20Penetra%C3%A7%C3%A3o%20e%20Simula%C3%A7%C3%A3o%20de%20Ataque&#8221; title=&#8221;Teste de Intrus\u00e3o e Simula\u00e7\u00e3o de Ataque&#8221;][\/common_icon_box][common_icon_box style=&#8221;pix-ibox-flip&#8221; flip=&#8221;off&#8221; icon_type=&#8221;font&#8221; type=&#8221;pixcustom1&#8243; icon_pixcustom1=&#8221;flaticon-surveillance&#8221; link=&#8221;url:https%3A%2F%2Fgreatystudio.com.br%2Fsecure%2Fservicos%2Fconsultoria-de-seguranca%2F|title:Servi%C3%A7os%20de%20Consultoria%20de%20Seguran%C3%A7a&#8221; title=&#8221;Servi\u00e7os de Consultoria de Seguran\u00e7a&#8221;][\/common_icon_box][\/vc_column_inner][vc_column_inner width=&#8221;1\/3&#8243;][common_icon_box style=&#8221;pix-ibox-flip&#8221; flip=&#8221;off&#8221; icon_type=&#8221;font&#8221; type=&#8221;pixcustom1&#8243; icon_pixcustom1=&#8221;flaticon-shield&#8221; link=&#8221;url:https%3A%2F%2Fgreatystudio.com.br%2Fsecure%2Fservicos%2Fdefesa-cibernetica%2F|title:Servi%C3%A7o%20de%20Defesa%20Cibern%C3%A9tica&#8221; title=&#8221;Servi\u00e7os de Defesa Cibern\u00e9tica&#8221;][\/common_icon_box][common_icon_box style=&#8221;pix-ibox-flip&#8221; flip=&#8221;off&#8221; icon_type=&#8221;font&#8221; type=&#8221;pixcustom1&#8243; icon_pixcustom1=&#8221;flaticon-firewall&#8221; link=&#8221;url:https%3A%2F%2Fgreatystudio.com.br%2Fsecure%2Fservicos%2Fnuvem-e-ssg%2F|title:Nuvem%20e%20Servi%C3%A7o%20de%20Seguran%C3%A7a%20Gerenciada&#8221; title=&#8221;Nuvem e Servi\u00e7o de Seguran\u00e7a Gerenciada&#8221;][\/common_icon_box][\/vc_column_inner][vc_column_inner width=&#8221;1\/3&#8243;][common_icon_box style=&#8221;pix-ibox-flip&#8221; flip=&#8221;off&#8221; icon_type=&#8221;font&#8221; type=&#8221;pixcustom1&#8243; icon_pixcustom1=&#8221;flaticon-detective&#8221; link=&#8221;url:https%3A%2F%2Fgreatystudio.com.br%2Fsecure%2Fservicos%2Fresposta-e-recuperacao%2F|title:Servi%C3%A7os%20de%20Resposta%20e%20Recupera%C3%A7%C3%A3o%20de%20Incidentes&#8221; title=&#8221;Servi\u00e7os de Resposta e Recupera\u00e7\u00e3o de Incidentes&#8221;][\/common_icon_box][common_icon_box style=&#8221;pix-ibox-flip&#8221; flip=&#8221;off&#8221; icon_type=&#8221;font&#8221; type=&#8221;pixcustom1&#8243; icon_pixcustom1=&#8221;flaticon-hacking&#8221; link=&#8221;url:https%3A%2F%2Fgreatystudio.com.br%2Fsecure%2Fservicos%2Fict-rede-nuvem%2F|title:Solu%C3%A7%C3%B5es%20de%20Seguran%C3%A7a%20de%20ICT%2C%20Rede%20e%20Nuvem&#8221; title=&#8221;Solu\u00e7\u00f5es de Seguran\u00e7a de ICT, Rede e Nuvem&#8221;][\/common_icon_box][\/vc_column_inner][\/vc_row_inner][\/vc_column][\/vc_row][vc_row full_width=&#8221;stretch_row&#8221; pix_padding_top=&#8221;padding S&#8221; pix_padding_bottom=&#8221;padding S&#8221; gradient_colors=&#8221;%5B%7B%7D%5D&#8221; css=&#8221;.vc_custom_1631723572828{background-color: #000000 !important;}&#8221;][vc_column][vc_raw_html]JTNDc3R5bGUlM0UlMjAlNDBtZWRpYSUyMG9ubHklMjBzY3JlZW4lMjBhbmQlMjAlMjhtYXgtd2lkdGglM0ElMjA0ODRweCUyOSUyMCU3Qi5pY29uZXMlMjAucGl4LWJveCUyMC5waXgtaXRlbS10aXRsZSUyMCU3QnRleHQtYWxpZ24lM0Etd2Via2l0LWF1dG8lM0IlN0QlMjAuaWNvbmVzJTIwLnNlcnZpY2UtYm94LTNfX2NvbnRhaW5lciUyMCU3QndpZHRoJTNBMTAwJTI1JTNCJTdEJTBBJTNDJTJGc3R5bGUlM0UlMEElM0NzY3JpcHQlMjBzcmMlM0RodHRwcyUzQSUyRiUyRmNoYXQuYXBpLm1pbHZ1cy5jb20uYnIlMkZhcGljaGF0JTJGd2lkZ2V0JTJGc2NyaXB0JTJGYTdjMjRhODclMkZkNWFlNDNmNTMxNDdkMWYxZjBhMGU2YTQ1MzNhN2MxYzJiNGIzMzExYmIwNjQ3NWZhZTgxNDg5NWVlYmQ3ZDE0NjRhMTg4ODI4NmNjZjQ4MjVkMjU3MTQ1Mjc5MDNkOTdkZGI3NWNlMzY4ZjFmNzhjN2MwNTkxNDU2YWY3Y2YwZjVjMDg4YzZmNzk4MmU4ZjVkMzZlOGZhZDhmOGRlZDY4OGE5MWM2MTBjOGQ3ZDc3YjA3MTAwY2Y4MDhlNGViYmJkNTY4MTQxYTllJTNFJTNDJTJGc2NyaXB0JTNFJTBBJTNDc2NyaXB0JTIwc3JjJTNEJTI3aHR0cHMlM0ElMkYlMkZwcml2YWNpZGFkZS5hcGkubWlsdnVzLmNvbS5iciUyRmFwaSUyRmNvbmZpZ3VyYWNhbyUyRnNjcmlwdCUyRmE3YzI0YTg3JTJGZDE4NzQwZDQwMDZkZWVjZmNiODBlODkwMmUyZDFmMWIxYjU2MjYyZmIzMjUwZDVkZTU4MjEwYmE5Y2E3MmM2NzQ3ZGJiZGYzOWNiMGQ0YmQ3NTM2NjQ2ZDNkYzk3ZmNjY2ZlYTNmYzI1ZTkzYzY4MTcyN2ZjYjcwNTNiMmZmMTI2MDI3ZGYxMjczYjhmMWI0ZmU2MDlmOWFlN2JlYjE2N2U1OWZmNTY2YThkMmNkNjAzOTcyNzZjMDE0ZjY5NGQ3ZTU2ODYzMTlmNCUyNyUzRSUzQyUyRnNjcmlwdCUzRSUwQSUyMCUyMCUyMCUyMCUyMCUyMCUyMCUyMA==[\/vc_raw_html][\/vc_column][\/vc_row]<\/p>\n","protected":false},"excerpt":{"rendered":"<p>[vc_row full_width=&#8221;stretch_row_content_no_spaces&#8221; content_placement=&#8221;top&#8221; pix_padding_top=&#8221;padding No&#8221; pix_padding_bottom=&#8221;padding No&#8221; gradient_colors=&#8221;%5B%7B%7D%5D&#8221; css=&#8221;.vc_custom_1631304137370{margin-top: -6px !important;background: #0a0a0a url(https:\/\/greatystudio.com.br\/secure\/wp-content\/uploads\/2021\/09\/bg_edit-1.jpg?id=3978) !important;background-position: center !important;background-repeat: no-repeat !important;background-size: cover !important;}&#8221;][vc_column][vc_empty_space height=&#8221;300px&#8221;][\/vc_column][\/vc_row][vc_row full_width=&#8221;stretch_row&#8221; pix_padding_top=&#8221;padding M&#8221; pix_padding_bottom=&#8221;padding No&#8221; gradient_colors=&#8221;%5B%7B%7D%5D&#8221; css=&#8221;.vc_custom_1633008262222{padding-right: 40px !important;padding-left: 40px !important;background-color: #000000 !important;}&#8221;][vc_column][common_title title=&#8221;Nossos Servi\u00e7os&#8221; padding=&#8221;off&#8221; color=&#8221;white-heading&#8221;][\/common_title][vc_row_inner pix_padding_bottom=&#8221;padding M&#8221; gradient_colors=&#8221;%5B%7B%7D%5D&#8221; el_class=&#8221;icones&#8221;][vc_column_inner width=&#8221;1\/3&#8243;][common_icon_box style=&#8221;pix-ibox-flip&#8221; flip=&#8221;off&#8221; icon_type=&#8221;font&#8221; type=&#8221;pixcustom1&#8243; icon_pixcustom1=&#8221;flaticon-hacker&#8221; link=&#8221;url:https%3A%2F%2Fgreatystudio.com.br%2Fsecure%2Fservicos%2Fsimulacao-ataque%2F|title:Teste%20de%20Penetra%C3%A7%C3%A3o%20e%20Simula%C3%A7%C3%A3o%20de%20Ataque&#8221; title=&#8221;Teste de Intrus\u00e3o e Simula\u00e7\u00e3o de [&hellip;]<\/p>\n","protected":false},"author":1,"featured_media":0,"parent":0,"menu_order":13,"comment_status":"closed","ping_status":"closed","template":"page-home.php","meta":{"inline_featured_image":false,"loftloader_page_shortcode":""},"_links":{"self":[{"href":"https:\/\/greatystudio.com.br\/secure\/wp-json\/wp\/v2\/pages\/2430"}],"collection":[{"href":"https:\/\/greatystudio.com.br\/secure\/wp-json\/wp\/v2\/pages"}],"about":[{"href":"https:\/\/greatystudio.com.br\/secure\/wp-json\/wp\/v2\/types\/page"}],"author":[{"embeddable":true,"href":"https:\/\/greatystudio.com.br\/secure\/wp-json\/wp\/v2\/users\/1"}],"replies":[{"embeddable":true,"href":"https:\/\/greatystudio.com.br\/secure\/wp-json\/wp\/v2\/comments?post=2430"}],"version-history":[{"count":26,"href":"https:\/\/greatystudio.com.br\/secure\/wp-json\/wp\/v2\/pages\/2430\/revisions"}],"predecessor-version":[{"id":4529,"href":"https:\/\/greatystudio.com.br\/secure\/wp-json\/wp\/v2\/pages\/2430\/revisions\/4529"}],"wp:attachment":[{"href":"https:\/\/greatystudio.com.br\/secure\/wp-json\/wp\/v2\/media?parent=2430"}],"curies":[{"name":"wp","href":"https:\/\/api.w.org\/{rel}","templated":true}]}}